{"id":88,"date":"2023-03-01T14:03:52","date_gmt":"2023-03-01T13:03:52","guid":{"rendered":"https:\/\/www.despapelate.com\/?page_id=88"},"modified":"2023-11-05T17:42:42","modified_gmt":"2023-11-05T16:42:42","slug":"politica-de-cookies","status":"publish","type":"page","link":"https:\/\/www.despapelate.com\/ca\/politica-de-cookies\/","title":{"rendered":"Pol\u00edtica de cookies"},"content":{"rendered":"<p>Aquest web utilitza cookies. Aqu\u00ed t&#039;expliquem qu\u00e8 s\u00f3n les cookies i com les fem servir a la nostra web. Pots canviar les teves prefer\u00e8ncies de cookies en qualsevol moment:<\/p>\n<p style=\"text-align: center;\"><a href=\"#\" class=\"_brlbs-btn-cookie-preference borlabs-cookie-preference\">Prefer\u00e8ncies de cookies<\/a><\/p>\n<hr \/>\n<p>En compliment de la Llei 34\/2002, d&#039;11 de juliol, de Serveis de la Societat de la Informaci\u00f3 i Comer\u00e7 Electr\u00f2nic, us informem que aquest lloc web, igual que la majoria dels llocs a Internet, utilitza Cookies per millorar i optimitzar l&#039;experi\u00e8ncia de l&#039;usuari.<\/p>\n<p>A continuaci\u00f3 trobar\u00e0s informaci\u00f3 detallada sobre qu\u00e8 s\u00f3n les galetes, quina tipologia utilitza aquest lloc web, com canviar la configuraci\u00f3 de les teves galetes, i qu\u00e8 passa si deshabites les galetes.<\/p>\n<h2>Qu\u00e8 s\u00f3n les galetes?<\/h2>\n<p>Una galeta \u00e9s un petit fitxer que es descarrega a l&#039;equip de l&#039;usuari amb la finalitat d&#039;emmagatzemar dades, les quals podran ser actualitzades i recuperades per l&#039;entitat responsable de la instal\u00b7laci\u00f3.<\/p>\n<h2>Quin tipus de galetes utilitza aquesta p\u00e0gina web?<\/h2>\n<p>A continuaci\u00f3 es mostra una taula amb les galetes utilitzades en aquest lloc web. Pots informar-te de les transfer\u00e8ncies a tercers pa\u00efsos que, si escau, realitzen els tercers identificats en aquesta pol\u00edtica de cookies en les seves pol\u00edtiques corresponents.<\/p>\n<div class=\"BorlabsCookie\"><h3 class=\"_brlbs _brlbs-cg-essential\">Essencial<\/h3><p class=\"_brlbs _brlbs-cg-essential\">Les cookies essencials permeten funcions b\u00e0siques i s\u00f3n necess\u00e0ries per al funcionament correcte del lloc web.<\/p><h4 class=\"_brlbs _brlbs-c-borlabs-cookie\">Borlabs Cookie<\/h4><div class=\"_brlbs-responsive-table\"><table class=\"_brlbs _brlbs-c-borlabs-cookie\"><tr><th scope=\"row\">Nom<\/th><td>Borlabs Cookie<\/td><\/tr><tr><th scope=\"row\">Prove\u00efdor<\/th><td>Propietari d&#039;aquest lloc web<span>, <\/span><a href=\"https:\/\/www.despapelate.com\/ca\/aviso-legal\/\">Av\u00eds legal<\/a><\/td><\/tr><tr><th scope=\"row\">Prop\u00f2sit<\/th><td>Guarda les prefer\u00e8ncies dels visitants seleccionades a la Cookie Box de Borlabs Cookie.<\/td><\/tr><tr><th scope=\"row\">Nom de la galeta<\/th><td>borlabs-cookie<\/td><\/tr><tr><th scope=\"row\">Caducitat de la galeta<\/th><td>1 any<\/td><\/tr><\/table><\/div><h3 class=\"_brlbs _brlbs-cg-statistics\">Estad\u00edstiques<\/h3><p class=\"_brlbs _brlbs-cg-statistics\">Les galetes d&#039;estad\u00edstiques recullen informaci\u00f3 de manera an\u00f2nima. Aquesta informaci\u00f3 ens ajuda a entendre com els nostres visitants utilitzen el nostre lloc web.<\/p><h3 class=\"_brlbs _brlbs-cg-external-media\">Mitjans externs<\/h3><p class=\"_brlbs _brlbs-cg-external-media\">El contingut de les plataformes de v\u00eddeo i de les plataformes de mitjans socials est\u00e0 bloquejat per defecte. Si s&#039;accepten galetes de mitjans externs, l&#039;acc\u00e9s a aquests continguts ja no requereix un consentiment manual.<\/p><h4 class=\"_brlbs _brlbs-c-googlemaps\">Google Maps<\/h4><div class=\"_brlbs-responsive-table\"><table class=\"_brlbs _brlbs-c-googlemaps\"><tr><th scope=\"row\">Nom<\/th><td>Google Maps<\/td><\/tr><tr><th scope=\"row\">Prove\u00efdor<\/th><td>Google Ireland Limited, Gordon House, Barrow Street, Dublin 4, Ireland<\/td><\/tr><tr><th scope=\"row\">Prop\u00f2sit<\/th><td>S&#039;utilitza per desbloquejar el contingut de Google Maps.<\/td><\/tr><tr><th scope=\"row\">Pol\u00edtica de privadesa<\/th><td><a href=\"https:\/\/policies.google.com\/privacy?hl=enl=en\" target=\"_blank\" rel=\"nofollow noopener noreferrer\">https:\/\/policies.google.com\/privacy?hl=enl=en<\/a><\/td><\/tr><tr><th scope=\"row\">Host(s)<\/th><td>.google.com<\/td><\/tr><tr><th scope=\"row\">Nom de la galeta<\/th><td>NID<\/td><\/tr><tr><th scope=\"row\">Caducitat de la galeta<\/th><td>6 mesos<\/td><\/tr><\/table><\/div><\/div>\n<h2>Com pots configurar les galetes?<\/h2>\n<p>En navegar i continuar al nostre lloc web, estar\u00e0s consentint l&#039;\u00fas de les Cookies en les condicions contingudes a la present Pol\u00edtica de Cookies. Com a usuari, teniu la possibilitat d&#039;exercir el vostre dret a bloquejar, eliminar i rebutjar l&#039;\u00fas de Cookies, en tot moment, modificant les opcions del vostre navegador.<\/p>\n<p>Per exemple:<\/p>\n<ol>\n<li>Internet Explorer: Eines &gt; Opcions d&#039;Internet &gt; Privadesa &gt; Configuraci\u00f3. Per a m\u00e9s informaci\u00f3, podeu consultar el suport de Microsoft o l&#039;Ajuda del navegador.<\/li>\n<li>Mozilla Firefox: Eines &gt; Opcions &gt; Privadesa &gt; Historial &gt; Configuraci\u00f3 Personalitzada. Per a m\u00e9s informaci\u00f3, podeu consultar el suport de Mozilla o l&#039;Ajuda del navegador.<\/li>\n<li>Google Chrome: Configuraci\u00f3 &gt; Mostra opcions avan\u00e7ades &gt; Privadesa -&gt; Configuraci\u00f3 de contingut. Per a m\u00e9s informaci\u00f3, podeu consultar el suport de Google o l&#039;Ajuda del navegador.<\/li>\n<li>Safari: Prefer\u00e8ncies &gt; Seguretat. Per a m\u00e9s informaci\u00f3, podeu consultar el suport d&#039;Apple o l&#039;Ajuda del navegador.<\/li>\n<li>Opera: Configuraci\u00f3 &gt; Opcions &gt; Avan\u00e7at &gt; Cookies Per a m\u00e9s informaci\u00f3, podeu consultar el suport d&#039;Opera o l&#039;Ajuda del navegador.<\/li>\n<\/ol>\n<p>Si utilitzeu un altre navegador diferent dels anteriors, consulteu la vostra pol\u00edtica d&#039;instal\u00b7laci\u00f3, \u00fas i bloqueig de cookies.<\/p>\n<h2>El teu historial de consentiment<\/h2>\n<div class=\"BorlabsCookie\" data-borlabs-cookie-consent-history><div class=\"_brlbs-responsive-table\"><table class=\"_brlbs-table\"><thead><tr><th class=\"_brlbs-table-date\" scope=\"col\">Data<\/th><th class=\"_brlbs-table-version\" scope=\"col\">Versi\u00f3<\/th><th class=\"_brlbs-table-consents\" scope=\"col\">Consentiments<\/th><\/tr><\/thead><\/table><\/div><\/div>\n<h2>Qu\u00e8 passa si es deshabiliten les galetes?<\/h2>\n<p>Algunes funcionalitats dels serveis o \u00e0rees d&#039;aquest lloc web podrien no funcionar correctament.<\/p>\n<h2>Actualitzem la nostra pol\u00edtica de galetes?<\/h2>\n<p>\u00c9s possible que actualitzem la pol\u00edtica de Cookies de la nostra p\u00e0gina web, per aix\u00f2, els nostres advocats ens demanen que et recomanem revisar aquesta pol\u00edtica cada vegada que accedeixis al nostre lloc web, amb l&#039;objectiu d&#039;estar adequadament informat sobre com i perqu\u00e8 fem servir les Cookies.<\/p>","protected":false},"excerpt":{"rendered":"<p>Esta web utiliza cookies. Aqu\u00ed te explicamos qu\u00e9 son las cookies y c\u00f3mo las usamos en nuestra web. Puedes cambiar tus preferencias de cookies en cualquier momento: En cumplimiento de la Ley 34\/2002, de 11 de julio, de Servicios de la Sociedad de la Informaci\u00f3n y Comercio Electr\u00f3nico, te informamos de que este sitio web, [&hellip;]<\/p>\n","protected":false},"author":1,"featured_media":0,"parent":0,"menu_order":9,"comment_status":"closed","ping_status":"closed","template":"","meta":{"_joinchat":[],"footnotes":""},"class_list":["post-88","page","type-page","status-publish","hentry"],"yoast_head":"<!-- This site is optimized with the Yoast SEO plugin v27.4 - https:\/\/yoast.com\/product\/yoast-seo-wordpress\/ -->\n<title>Pol\u00edtica de cookies - \u00a1Despap\u00e9late!<\/title>\n<meta name=\"description\" content=\"Pol\u00edtica de cookies de \u00a1Despap\u00e9late!\" \/>\n<meta name=\"robots\" content=\"index, follow, max-snippet:-1, max-image-preview:large, max-video-preview:-1\" \/>\n<link rel=\"canonical\" href=\"https:\/\/www.despapelate.com\/ca\/politica-de-cookies\/\" \/>\n<meta property=\"og:locale\" content=\"ca_ES\" \/>\n<meta property=\"og:type\" content=\"article\" \/>\n<meta property=\"og:title\" content=\"Pol\u00edtica de cookies - \u00a1Despap\u00e9late!\" \/>\n<meta property=\"og:description\" content=\"Pol\u00edtica de cookies de \u00a1Despap\u00e9late!\" \/>\n<meta property=\"og:url\" content=\"https:\/\/www.despapelate.com\/ca\/politica-de-cookies\/\" \/>\n<meta property=\"og:site_name\" content=\"\u00a1Despap\u00e9late!\" \/>\n<meta property=\"article:modified_time\" content=\"2023-11-05T16:42:42+00:00\" \/>\n<meta name=\"twitter:card\" content=\"summary_large_image\" \/>\n<script type=\"application\/ld+json\" class=\"yoast-schema-graph\">{\"@context\":\"https:\\\/\\\/schema.org\",\"@graph\":[{\"@type\":\"WebPage\",\"@id\":\"https:\\\/\\\/www.despapelate.com\\\/politica-de-cookies\\\/\",\"url\":\"https:\\\/\\\/www.despapelate.com\\\/politica-de-cookies\\\/\",\"name\":\"Pol\u00edtica de cookies - \u00a1Despap\u00e9late!\",\"isPartOf\":{\"@id\":\"https:\\\/\\\/www.despapelate.com\\\/#website\"},\"datePublished\":\"2023-03-01T13:03:52+00:00\",\"dateModified\":\"2023-11-05T16:42:42+00:00\",\"description\":\"Pol\u00edtica de cookies de \u00a1Despap\u00e9late!\",\"breadcrumb\":{\"@id\":\"https:\\\/\\\/www.despapelate.com\\\/politica-de-cookies\\\/#breadcrumb\"},\"inLanguage\":\"ca\",\"potentialAction\":[{\"@type\":\"ReadAction\",\"target\":[\"https:\\\/\\\/www.despapelate.com\\\/politica-de-cookies\\\/\"]}]},{\"@type\":\"BreadcrumbList\",\"@id\":\"https:\\\/\\\/www.despapelate.com\\\/politica-de-cookies\\\/#breadcrumb\",\"itemListElement\":[{\"@type\":\"ListItem\",\"position\":1,\"name\":\"Inicio\",\"item\":\"https:\\\/\\\/www.despapelate.com\\\/\"},{\"@type\":\"ListItem\",\"position\":2,\"name\":\"Pol\u00edtica de cookies\"}]},{\"@type\":\"WebSite\",\"@id\":\"https:\\\/\\\/www.despapelate.com\\\/#website\",\"url\":\"https:\\\/\\\/www.despapelate.com\\\/\",\"name\":\"\u00a1Despap\u00e9late!\",\"description\":\"\u00a1A nadie le gusta perder el tiempo, a nosotros nos encanta que disfrutes del tuyo!\",\"publisher\":{\"@id\":\"https:\\\/\\\/www.despapelate.com\\\/#organization\"},\"potentialAction\":[{\"@type\":\"SearchAction\",\"target\":{\"@type\":\"EntryPoint\",\"urlTemplate\":\"https:\\\/\\\/www.despapelate.com\\\/?s={search_term_string}\"},\"query-input\":{\"@type\":\"PropertyValueSpecification\",\"valueRequired\":true,\"valueName\":\"search_term_string\"}}],\"inLanguage\":\"ca\"},{\"@type\":\"Organization\",\"@id\":\"https:\\\/\\\/www.despapelate.com\\\/#organization\",\"name\":\"\u00a1Despap\u00e9late!\",\"url\":\"https:\\\/\\\/www.despapelate.com\\\/\",\"logo\":{\"@type\":\"ImageObject\",\"inLanguage\":\"ca\",\"@id\":\"https:\\\/\\\/www.despapelate.com\\\/#\\\/schema\\\/logo\\\/image\\\/\",\"url\":\"https:\\\/\\\/www.despapelate.com\\\/wp-content\\\/uploads\\\/2025\\\/06\\\/logo-1522x1536-1.png\",\"contentUrl\":\"https:\\\/\\\/www.despapelate.com\\\/wp-content\\\/uploads\\\/2025\\\/06\\\/logo-1522x1536-1.png\",\"width\":1378,\"height\":336,\"caption\":\"\u00a1Despap\u00e9late!\"},\"image\":{\"@id\":\"https:\\\/\\\/www.despapelate.com\\\/#\\\/schema\\\/logo\\\/image\\\/\"}}]}<\/script>\n<!-- \/ Yoast SEO plugin. -->","yoast_head_json":{"title":"Pol\u00edtica de cookies - Despap\u00e9late!","description":"Pol\u00edtica de cookies de Despap\u00e9late!","robots":{"index":"index","follow":"follow","max-snippet":"max-snippet:-1","max-image-preview":"max-image-preview:large","max-video-preview":"max-video-preview:-1"},"canonical":"https:\/\/www.despapelate.com\/ca\/politica-de-cookies\/","og_locale":"ca_ES","og_type":"article","og_title":"Pol\u00edtica de cookies - \u00a1Despap\u00e9late!","og_description":"Pol\u00edtica de cookies de \u00a1Despap\u00e9late!","og_url":"https:\/\/www.despapelate.com\/ca\/politica-de-cookies\/","og_site_name":"\u00a1Despap\u00e9late!","article_modified_time":"2023-11-05T16:42:42+00:00","twitter_card":"summary_large_image","schema":{"@context":"https:\/\/schema.org","@graph":[{"@type":"WebPage","@id":"https:\/\/www.despapelate.com\/politica-de-cookies\/","url":"https:\/\/www.despapelate.com\/politica-de-cookies\/","name":"Pol\u00edtica de cookies - Despap\u00e9late!","isPartOf":{"@id":"https:\/\/www.despapelate.com\/#website"},"datePublished":"2023-03-01T13:03:52+00:00","dateModified":"2023-11-05T16:42:42+00:00","description":"Pol\u00edtica de cookies de Despap\u00e9late!","breadcrumb":{"@id":"https:\/\/www.despapelate.com\/politica-de-cookies\/#breadcrumb"},"inLanguage":"ca","potentialAction":[{"@type":"ReadAction","target":["https:\/\/www.despapelate.com\/politica-de-cookies\/"]}]},{"@type":"BreadcrumbList","@id":"https:\/\/www.despapelate.com\/politica-de-cookies\/#breadcrumb","itemListElement":[{"@type":"ListItem","position":1,"name":"Inicio","item":"https:\/\/www.despapelate.com\/"},{"@type":"ListItem","position":2,"name":"Pol\u00edtica de cookies"}]},{"@type":"WebSite","@id":"https:\/\/www.despapelate.com\/#website","url":"https:\/\/www.despapelate.com\/","name":"\u00a1\u00a1 Despap\u00e9late!","description":"A ning\u00fa no li agrada perdre el temps, a nosaltres ens encanta que gaudeixis del teu!","publisher":{"@id":"https:\/\/www.despapelate.com\/#organization"},"potentialAction":[{"@type":"SearchAction","target":{"@type":"EntryPoint","urlTemplate":"https:\/\/www.despapelate.com\/?s={search_term_string}"},"query-input":{"@type":"PropertyValueSpecification","valueRequired":true,"valueName":"search_term_string"}}],"inLanguage":"ca"},{"@type":"Organization","@id":"https:\/\/www.despapelate.com\/#organization","name":"\u00a1\u00a1 Despap\u00e9late!","url":"https:\/\/www.despapelate.com\/","logo":{"@type":"ImageObject","inLanguage":"ca","@id":"https:\/\/www.despapelate.com\/#\/schema\/logo\/image\/","url":"https:\/\/www.despapelate.com\/wp-content\/uploads\/2025\/06\/logo-1522x1536-1.png","contentUrl":"https:\/\/www.despapelate.com\/wp-content\/uploads\/2025\/06\/logo-1522x1536-1.png","width":1378,"height":336,"caption":"\u00a1Despap\u00e9late!"},"image":{"@id":"https:\/\/www.despapelate.com\/#\/schema\/logo\/image\/"}}]}},"_links":{"self":[{"href":"https:\/\/www.despapelate.com\/ca\/wp-json\/wp\/v2\/pages\/88","targetHints":{"allow":["GET"]}}],"collection":[{"href":"https:\/\/www.despapelate.com\/ca\/wp-json\/wp\/v2\/pages"}],"about":[{"href":"https:\/\/www.despapelate.com\/ca\/wp-json\/wp\/v2\/types\/page"}],"author":[{"embeddable":true,"href":"https:\/\/www.despapelate.com\/ca\/wp-json\/wp\/v2\/users\/1"}],"replies":[{"embeddable":true,"href":"https:\/\/www.despapelate.com\/ca\/wp-json\/wp\/v2\/comments?post=88"}],"version-history":[{"count":1,"href":"https:\/\/www.despapelate.com\/ca\/wp-json\/wp\/v2\/pages\/88\/revisions"}],"predecessor-version":[{"id":396,"href":"https:\/\/www.despapelate.com\/ca\/wp-json\/wp\/v2\/pages\/88\/revisions\/396"}],"wp:attachment":[{"href":"https:\/\/www.despapelate.com\/ca\/wp-json\/wp\/v2\/media?parent=88"}],"curies":[{"name":"wp","href":"https:\/\/api.w.org\/{rel}","templated":true}]}}